{"id":57,"date":"2024-05-22T13:46:27","date_gmt":"2024-05-22T13:46:27","guid":{"rendered":"https:\/\/revolta.pt\/?page_id=57"},"modified":"2024-06-23T16:09:12","modified_gmt":"2024-06-23T16:09:12","slug":"a-equipa","status":"publish","type":"page","link":"https:\/\/revolta.pt\/index.php\/a-equipa\/","title":{"rendered":"A Equipa e os Atores"},"content":{"rendered":"<section class=\"l-section wpb_row us_custom_41108fd4 height_medium\"><div class=\"l-section-h i-cf\"><div class=\"g-cols vc_row via_grid cols_1 laptops-cols_inherit tablets-cols_inherit mobiles-cols_1 valign_top type_default stacking_default\"><div class=\"wpb_column vc_column_container\"><div class=\"vc_column-inner\"><div class=\"w-text us_custom_52b99a50 has_text_color\"><span class=\"w-text-h\"><span class=\"w-text-value\">A EQUIPA<\/span><\/span><\/div><\/div><\/div><div class=\"wpb_column vc_column_container\"><div class=\"vc_column-inner\"><\/div><\/div><\/div><\/div><\/section><section class=\"l-section wpb_row height_medium\"><div class=\"l-section-h i-cf\"><div class=\"g-cols vc_row via_grid cols_1 laptops-cols_inherit tablets-cols_inherit mobiles-cols_1 valign_top type_default stacking_default\"><div class=\"wpb_column vc_column_container\"><div class=\"vc_column-inner\"><div class=\"w-image align_center\"><div class=\"w-image-h\"><img decoding=\"async\" width=\"1024\" height=\"578\" src=\"https:\/\/revolta.pt\/wp-content\/uploads\/2024\/05\/79132761_171337086656098_r-1024x578.png\" class=\"attachment-large size-large\" alt=\"\" loading=\"lazy\" srcset=\"https:\/\/revolta.pt\/wp-content\/uploads\/2024\/05\/79132761_171337086656098_r-1024x578.png 1024w, https:\/\/revolta.pt\/wp-content\/uploads\/2024\/05\/79132761_171337086656098_r-300x169.png 300w\" sizes=\"auto, (max-width: 1024px) 100vw, 1024px\" \/><\/div><\/div><div class=\"g-cols wpb_row via_grid cols_1 laptops-cols_inherit tablets-cols_inherit mobiles-cols_1 valign_top type_default stacking_default\" style=\"--gap:3rem;\"><div class=\"wpb_column vc_column_container\"><div class=\"vc_column-inner\"><div class=\"w-separator size_small\"><\/div><\/div><\/div><\/div><div class=\"wpb_text_column us_custom_82f5a499 has_text_color\"><div class=\"wpb_wrapper\"><p><span style=\"font-family: 'Big Shoulders Display'; font-size: 25px;\">Ol\u00e1, somos a equipa da miniss\u00e9rie <span style=\"color: #db0000;\">RE<\/span>VOLTA<\/span><\/p>\n<p><span style=\"font-size: 18px;\">Seis alunos do Mestrado em Comunica\u00e7\u00e3o Audiovisual para Novos M\u00e9dia da Universidade de Aveiro.<\/span><\/p>\n<p><span style=\"font-size: 18px;\">Toda a equipa assume o cargo de Produ\u00e7\u00e3o.<\/span><\/p>\n<p><span style=\"font-size: 18px;\"><a href=\"https:\/\/www.instagram.com\/danny_tender\/\">Daniela Tender<\/a>: Realizadora e Guionista.<\/span><br \/><span style=\"font-size: 18px;\"><a href=\"https:\/\/www.instagram.com\/maricerveira_\/\">Mariana Cerveira<\/a>: Assistente de Realiza\u00e7\u00e3o.<\/span><br \/><span style=\"font-size: 18px;\"><a href=\"https:\/\/www.instagram.com\/sousa.ip\/\">In\u00eas Sousa<\/a>: Diretora de Fotografia.<\/span><br \/><span style=\"font-size: 18px;\"><a href=\"https:\/\/www.instagram.com\/wills_place_on_insta\/\">William Rocha<\/a>: Diretor de Som e Guionista.<\/span><br \/><span style=\"font-size: 18px;\"><a href=\"https:\/\/www.instagram.com\/why._.ines\/\">In\u00eas Severiano<\/a>: Diretora de Arte e Criadora de Conte\u00fados.<\/span><br \/><span style=\"font-size: 18px;\"><a href=\"https:\/\/www.instagram.com\/bruna.cssoares\/\">Bruna Soares<\/a>: Gestora de Redes Sociais e Anotadora.<\/span><\/p>\n<\/div><\/div><div class=\"w-separator size_large\"><\/div><div class=\"w-separator size_large\"><\/div><\/div><\/div><\/div><\/div><\/section><section class=\"l-section wpb_row us_custom_3d71aa0f height_medium\"><div class=\"l-section-h i-cf\"><div class=\"g-cols vc_row via_grid cols_1 laptops-cols_inherit tablets-cols_inherit mobiles-cols_1 valign_top type_default stacking_default\"><div class=\"wpb_column vc_column_container\"><div class=\"vc_column-inner\"><div class=\"w-text us_custom_c91cd63f has_text_color\"><span class=\"w-text-h\"><span class=\"w-text-value\">ATORES<\/span><\/span><\/div><\/div><\/div><\/div><\/div><\/section><section class=\"l-section wpb_row us_custom_6df4bc3a has_text_color height_medium\"><div class=\"l-section-h i-cf\"><div class=\"g-cols vc_row via_grid cols_1 laptops-cols_inherit tablets-cols_inherit mobiles-cols_1 valign_top type_default stacking_default\"><div class=\"wpb_column vc_column_container\"><div class=\"vc_column-inner\"><div class=\"g-cols wpb_row via_grid cols_4 laptops-cols_inherit tablets-cols_2 mobiles-cols_1 valign_top type_default stacking_default\" style=\"--gap:1.8rem;\"><div class=\"wpb_column vc_column_container\"><div class=\"vc_column-inner\"><div class=\"w-image has_ratio align_none\"><div class=\"w-image-h\"><div style=\"padding-bottom:133.3333%\"><\/div><img decoding=\"async\" width=\"789\" height=\"1024\" src=\"https:\/\/revolta.pt\/wp-content\/uploads\/2024\/06\/rodrigo-money-e1718820179889-789x1024.jpg\" class=\"attachment-large size-large\" alt=\"\" loading=\"lazy\" srcset=\"https:\/\/revolta.pt\/wp-content\/uploads\/2024\/06\/rodrigo-money-e1718820179889-789x1024.jpg 789w, https:\/\/revolta.pt\/wp-content\/uploads\/2024\/06\/rodrigo-money-e1718820179889-231x300.jpg 231w, https:\/\/revolta.pt\/wp-content\/uploads\/2024\/06\/rodrigo-money-e1718820179889.jpg 1283w\" sizes=\"auto, (max-width: 789px) 100vw, 789px\" \/><\/div><\/div><div class=\"w-separator size_small\"><\/div><div class=\"w-text\"><span class=\"w-text-h\"><span class=\"w-text-value\">Rodrigo Queir\u00f3s<\/span><\/span><\/div><h4 class=\"w-text\"><span class=\"w-text-h\"><span class=\"w-text-value\">Duarte Vega<\/span><\/span><\/h4><div class=\"w-text us_custom_432d3f53\"><span class=\"w-text-h\"><span class=\"w-text-value\">Rodrigo \u00e9 o protagonista. Um jovem de 29 anos revoltado porque nunca conheceu o pai e sente o vazio da aus\u00eancia da figura paterna. Amadureceu mais cedo para poder ser &#8220;o homem da casa&#8221; e pagar pela sua licenciatura em Engenharia Inform\u00e1tica na Universidade de Aveiro.<\/span><\/span><\/div><\/div><\/div><div class=\"wpb_column vc_column_container\"><div class=\"vc_column-inner\"><div class=\"w-image has_ratio align_none\"><div class=\"w-image-h\"><div style=\"padding-bottom:133.3333%\"><\/div><img decoding=\"async\" width=\"682\" height=\"1024\" src=\"https:\/\/revolta.pt\/wp-content\/uploads\/2024\/06\/Filo-1-682x1024.jpg\" class=\"attachment-large size-large\" alt=\"\" loading=\"lazy\" srcset=\"https:\/\/revolta.pt\/wp-content\/uploads\/2024\/06\/Filo-1-682x1024.jpg 682w, https:\/\/revolta.pt\/wp-content\/uploads\/2024\/06\/Filo-1-200x300.jpg 200w, https:\/\/revolta.pt\/wp-content\/uploads\/2024\/06\/Filo-1.jpg 853w\" sizes=\"auto, (max-width: 682px) 100vw, 682px\" \/><\/div><\/div><div class=\"w-separator size_small\"><\/div><div class=\"w-text\"><span class=\"w-text-h\"><span class=\"w-text-value\">Filomena Queir\u00f3s<\/span><\/span><\/div><h4 class=\"w-text\"><span class=\"w-text-h\"><span class=\"w-text-value\">Ana Salgueiro<\/span><\/span><\/h4><div class=\"w-text us_custom_432d3f53\"><span class=\"w-text-h\"><span class=\"w-text-value\">A m\u00e3e de Rodrigo. Uma senhora muito magoada com a vida, mas que n\u00e3o deixa de tratar com carinho o seu filho, a \u00fanica fam\u00edlia que tem. \u00c9 muito dif\u00edcil para ela ultrapassar o passado, sempre a lembrar-se dos tempos em que foi feliz com o falecido marido Jos\u00e9.<\/span><\/span><\/div><\/div><\/div><div class=\"wpb_column vc_column_container\"><div class=\"vc_column-inner\"><div class=\"w-image has_ratio align_none\"><div class=\"w-image-h\"><div style=\"padding-bottom:133.3333%\"><\/div><img decoding=\"async\" width=\"1024\" height=\"919\" src=\"https:\/\/revolta.pt\/wp-content\/uploads\/2024\/06\/ze-3-e1717499604167-1024x919.png\" class=\"attachment-large size-large\" alt=\"\" loading=\"lazy\" srcset=\"https:\/\/revolta.pt\/wp-content\/uploads\/2024\/06\/ze-3-e1717499604167-1024x919.png 1024w, https:\/\/revolta.pt\/wp-content\/uploads\/2024\/06\/ze-3-e1717499604167-300x269.png 300w\" sizes=\"auto, (max-width: 1024px) 100vw, 1024px\" \/><\/div><\/div><div class=\"w-separator size_small\"><\/div><div class=\"w-text\"><span class=\"w-text-h\"><span class=\"w-text-value\">Jos\u00e9 Nascimento (1995)<\/span><\/span><\/div><h4 class=\"w-text\"><span class=\"w-text-h\"><span class=\"w-text-value\">Gon\u00e7alo Neto<\/span><\/span><\/h4><div class=\"w-text us_custom_432d3f53\"><span class=\"w-text-h\"><span class=\"w-text-value\">O pai de Rodrigo, falecido a 4 de Abril de 1995. Filomena conta que ele era como um raio de sol, sempre alegre, amoroso, gentil, gostava de ajudar os outros &#8211; o seu \u00fanico defeito era fumar muito, segundo a mesma.<\/span><\/span><\/div><\/div><\/div><div class=\"wpb_column vc_column_container\"><div class=\"vc_column-inner\"><div class=\"w-image has_ratio align_none\"><div class=\"w-image-h\"><div style=\"padding-bottom:133.3333%\"><\/div><img decoding=\"async\" width=\"682\" height=\"1024\" src=\"https:\/\/revolta.pt\/wp-content\/uploads\/2024\/06\/Ze--682x1024.jpg\" class=\"attachment-large size-large\" alt=\"\" loading=\"lazy\" srcset=\"https:\/\/revolta.pt\/wp-content\/uploads\/2024\/06\/Ze--682x1024.jpg 682w, https:\/\/revolta.pt\/wp-content\/uploads\/2024\/06\/Ze--200x300.jpg 200w, https:\/\/revolta.pt\/wp-content\/uploads\/2024\/06\/Ze-.jpg 853w\" sizes=\"auto, (max-width: 682px) 100vw, 682px\" \/><\/div><\/div><div class=\"w-separator size_small\"><\/div><div class=\"w-text\"><span class=\"w-text-h\"><span class=\"w-text-value\">Jos\u00e9 Nascimento (2024)<\/span><\/span><\/div><h4 class=\"w-text\"><span class=\"w-text-h\"><span class=\"w-text-value\">Jo\u00e3o Rodrigues<\/span><\/span><\/h4><div class=\"w-text us_custom_432d3f53\"><span class=\"w-text-h\"><span class=\"w-text-value\">Como seria o pai de Rodrigo atualmente, caso n\u00e3o tivesse falecido prematuramente? Vamos descobrir com o decorrer da s\u00e9rie que nem tudo \u00e9 como pensamos.<\/span><\/span><\/div><\/div><\/div><\/div><\/div><\/div><\/div><\/div><\/section><section class=\"l-section wpb_row us_custom_6df4bc3a has_text_color height_medium\"><div class=\"l-section-h i-cf\"><div class=\"g-cols vc_row via_grid cols_1 laptops-cols_inherit tablets-cols_inherit mobiles-cols_1 valign_top type_default stacking_default\"><div class=\"wpb_column vc_column_container\"><div class=\"vc_column-inner\"><div class=\"g-cols wpb_row via_grid cols_4 laptops-cols_inherit tablets-cols_2 mobiles-cols_1 valign_top type_default stacking_default\" style=\"--gap:1.8rem;\"><div class=\"wpb_column vc_column_container\"><div class=\"vc_column-inner\"><div class=\"w-image has_ratio align_none\"><div class=\"w-image-h\"><div style=\"padding-bottom:100%\"><\/div><img decoding=\"async\" width=\"300\" height=\"296\" src=\"https:\/\/revolta.pt\/wp-content\/uploads\/2024\/06\/rui-1-300x296.jpg\" class=\"attachment-medium size-medium\" alt=\"\" loading=\"lazy\" srcset=\"https:\/\/revolta.pt\/wp-content\/uploads\/2024\/06\/rui-1-300x296.jpg 300w, https:\/\/revolta.pt\/wp-content\/uploads\/2024\/06\/rui-1-1024x1011.jpg 1024w\" sizes=\"auto, (max-width: 300px) 100vw, 300px\" \/><\/div><\/div><div class=\"w-separator size_small\"><\/div><div class=\"w-text\"><span class=\"w-text-h\"><span class=\"w-text-value\">David (Amigo de Rodrigo)<\/span><\/span><\/div><h4 class=\"w-text\"><span class=\"w-text-h\"><span class=\"w-text-value\">Rui Miguel Gra\u00e7a<\/span><\/span><\/h4><div class=\"w-text us_custom_432d3f53\"><span class=\"w-text-h\"><span class=\"w-text-value\">Um colega do mesmo curso da universidade de Rodrigo. \u00c0s vezes estudam juntos na biblioteca para os testes.<\/span><\/span><\/div><\/div><\/div><div class=\"wpb_column vc_column_container\"><div class=\"vc_column-inner\"><div class=\"w-image has_ratio align_none\"><div class=\"w-image-h\"><div style=\"padding-bottom:100%\"><\/div><img decoding=\"async\" width=\"250\" height=\"300\" src=\"https:\/\/revolta.pt\/wp-content\/uploads\/2024\/06\/Captura-de-ecra-2024-06-14-104802-250x300.png\" class=\"attachment-medium size-medium\" alt=\"\" loading=\"lazy\" srcset=\"https:\/\/revolta.pt\/wp-content\/uploads\/2024\/06\/Captura-de-ecra-2024-06-14-104802-250x300.png 250w, https:\/\/revolta.pt\/wp-content\/uploads\/2024\/06\/Captura-de-ecra-2024-06-14-104802-852x1024.png 852w, https:\/\/revolta.pt\/wp-content\/uploads\/2024\/06\/Captura-de-ecra-2024-06-14-104802.png 926w\" sizes=\"auto, (max-width: 250px) 100vw, 250px\" \/><\/div><\/div><div class=\"w-separator size_small\"><\/div><div class=\"w-text\"><span class=\"w-text-h\"><span class=\"w-text-value\">Filomena Queir\u00f3s (1995)<\/span><\/span><\/div><h4 class=\"w-text\"><span class=\"w-text-h\"><span class=\"w-text-value\">In\u00eas Severiano<\/span><\/span><\/h4><div class=\"w-text us_custom_432d3f53\"><span class=\"w-text-h\"><span class=\"w-text-value\">Assim era Filomena quando era mais nova, antes de perder o amor da sua vida prematuramente.<\/span><\/span><\/div><\/div><\/div><div class=\"wpb_column vc_column_container\"><div class=\"vc_column-inner\"><div class=\"w-image has_ratio align_none\"><div class=\"w-image-h\"><div style=\"padding-bottom:100%\"><\/div><img decoding=\"async\" width=\"300\" height=\"300\" src=\"https:\/\/revolta.pt\/wp-content\/uploads\/2024\/06\/margarida-300x300.jpg\" class=\"attachment-medium size-medium\" alt=\"\" loading=\"lazy\" srcset=\"https:\/\/revolta.pt\/wp-content\/uploads\/2024\/06\/margarida-300x300.jpg 300w, https:\/\/revolta.pt\/wp-content\/uploads\/2024\/06\/margarida-150x150.jpg 150w, https:\/\/revolta.pt\/wp-content\/uploads\/2024\/06\/margarida.jpg 532w\" sizes=\"auto, (max-width: 300px) 100vw, 300px\" \/><\/div><\/div><div class=\"w-separator size_small\"><\/div><div class=\"w-text\"><span class=\"w-text-h\"><span class=\"w-text-value\">Jovem de 1995<\/span><\/span><\/div><h4 class=\"w-text\"><span class=\"w-text-h\"><span class=\"w-text-value\">Margarida Marques<\/span><\/span><\/h4><div class=\"w-text us_custom_432d3f53\"><span class=\"w-text-h\"><span class=\"w-text-value\">Uma jovem de 1995 que acaba de vir da missa.<\/span><\/span><\/div><\/div><\/div><div class=\"wpb_column vc_column_container\"><div class=\"vc_column-inner\"><div class=\"w-image has_ratio align_none\"><div class=\"w-image-h\"><div style=\"padding-bottom:100%\"><\/div><img decoding=\"async\" width=\"277\" height=\"300\" src=\"https:\/\/revolta.pt\/wp-content\/uploads\/2024\/06\/Captura-de-ecra-2024-06-14-105917-277x300.png\" class=\"attachment-medium size-medium\" alt=\"\" loading=\"lazy\" srcset=\"https:\/\/revolta.pt\/wp-content\/uploads\/2024\/06\/Captura-de-ecra-2024-06-14-105917-277x300.png 277w, https:\/\/revolta.pt\/wp-content\/uploads\/2024\/06\/Captura-de-ecra-2024-06-14-105917.png 694w\" sizes=\"auto, (max-width: 277px) 100vw, 277px\" \/><\/div><\/div><div class=\"w-separator size_small\"><\/div><div class=\"w-text\"><span class=\"w-text-h\"><span class=\"w-text-value\">Jovem de 1995<\/span><\/span><\/div><h4 class=\"w-text\"><span class=\"w-text-h\"><span class=\"w-text-value\">Xana Ponte<\/span><\/span><\/h4><div class=\"w-text us_custom_432d3f53\"><span class=\"w-text-h\"><span class=\"w-text-value\">Uma jovem de 1995 que s\u00f3 quer ir para casa.<\/span><\/span><\/div><\/div><\/div><\/div><\/div><\/div><\/div><\/div><\/section><section class=\"l-section wpb_row height_medium\"><div class=\"l-section-h i-cf\"><div class=\"g-cols vc_row via_grid cols_1 laptops-cols_inherit tablets-cols_inherit mobiles-cols_1 valign_top type_default stacking_default\"><div class=\"wpb_column vc_column_container\"><div class=\"vc_column-inner\"><div class=\"w-separator size_medium\"><\/div><h2 class=\"w-text us_custom_cbc96442 has_text_color\"><span class=\"w-text-h\"><span class=\"w-text-value\">GALERIA DA EQUIPA<\/span><\/span><\/h2><\/div><\/div><\/div><\/div><\/section><section class=\"l-section wpb_row height_medium width_custom\" style=\"--site-content-width:800px;\"><div class=\"l-section-h i-cf\"><div class=\"g-cols vc_row via_grid cols_1 laptops-cols_inherit tablets-cols_inherit mobiles-cols_1 valign_top type_default stacking_default\"><div class=\"wpb_column vc_column_container\"><div class=\"vc_column-inner\"><div class=\"w-gallery type_grid ratio_1x1 count_8\" style=\"--columns:4;--items-gap:9px;\"><div class=\"w-gallery-list\"><div class=\"w-gallery-item\"><div class=\"w-gallery-item-img\"><img loading=\"lazy\" decoding=\"async\" width=\"1024\" height=\"683\" src=\"https:\/\/revolta.pt\/wp-content\/uploads\/2024\/06\/IMG_5381-1024x683.jpg\" class=\"attachment-large size-large\" alt=\"\" srcset=\"https:\/\/revolta.pt\/wp-content\/uploads\/2024\/06\/IMG_5381-1024x683.jpg 1024w, https:\/\/revolta.pt\/wp-content\/uploads\/2024\/06\/IMG_5381-300x200.jpg 300w\" sizes=\"auto, (max-width: 1024px) 100vw, 1024px\" \/><\/div><\/div><div class=\"w-gallery-item\"><div class=\"w-gallery-item-img\"><img loading=\"lazy\" decoding=\"async\" width=\"1024\" height=\"768\" src=\"https:\/\/revolta.pt\/wp-content\/uploads\/2024\/06\/DSCN6331-1024x768.jpg\" class=\"attachment-large size-large\" alt=\"\" srcset=\"https:\/\/revolta.pt\/wp-content\/uploads\/2024\/06\/DSCN6331-1024x768.jpg 1024w, https:\/\/revolta.pt\/wp-content\/uploads\/2024\/06\/DSCN6331-300x225.jpg 300w\" sizes=\"auto, (max-width: 1024px) 100vw, 1024px\" \/><\/div><\/div><div class=\"w-gallery-item\"><div class=\"w-gallery-item-img\"><img loading=\"lazy\" decoding=\"async\" width=\"1024\" height=\"768\" src=\"https:\/\/revolta.pt\/wp-content\/uploads\/2024\/06\/DSCN6536-1024x768.jpg\" class=\"attachment-large size-large\" alt=\"\" srcset=\"https:\/\/revolta.pt\/wp-content\/uploads\/2024\/06\/DSCN6536-1024x768.jpg 1024w, https:\/\/revolta.pt\/wp-content\/uploads\/2024\/06\/DSCN6536-300x225.jpg 300w\" sizes=\"auto, (max-width: 1024px) 100vw, 1024px\" \/><\/div><\/div><div class=\"w-gallery-item\"><div class=\"w-gallery-item-img\"><img loading=\"lazy\" decoding=\"async\" width=\"768\" height=\"1024\" src=\"https:\/\/revolta.pt\/wp-content\/uploads\/2024\/05\/IMG-20240530-WA0462-768x1024.jpg\" class=\"attachment-large size-large\" alt=\"\" srcset=\"https:\/\/revolta.pt\/wp-content\/uploads\/2024\/05\/IMG-20240530-WA0462-768x1024.jpg 768w, https:\/\/revolta.pt\/wp-content\/uploads\/2024\/05\/IMG-20240530-WA0462-225x300.jpg 225w, https:\/\/revolta.pt\/wp-content\/uploads\/2024\/05\/IMG-20240530-WA0462.jpg 1200w\" sizes=\"auto, (max-width: 768px) 100vw, 768px\" \/><\/div><\/div><div class=\"w-gallery-item\"><div class=\"w-gallery-item-img\"><img loading=\"lazy\" decoding=\"async\" width=\"768\" height=\"1024\" src=\"https:\/\/revolta.pt\/wp-content\/uploads\/2024\/06\/DSCN6520-scaled-e1718359615156-768x1024.jpg\" class=\"attachment-large size-large\" alt=\"\" srcset=\"https:\/\/revolta.pt\/wp-content\/uploads\/2024\/06\/DSCN6520-scaled-e1718359615156-768x1024.jpg 768w, https:\/\/revolta.pt\/wp-content\/uploads\/2024\/06\/DSCN6520-scaled-e1718359615156-225x300.jpg 225w, https:\/\/revolta.pt\/wp-content\/uploads\/2024\/06\/DSCN6520-scaled-e1718359615156.jpg 1920w\" sizes=\"auto, (max-width: 768px) 100vw, 768px\" \/><\/div><\/div><div class=\"w-gallery-item\"><div class=\"w-gallery-item-img\"><img loading=\"lazy\" decoding=\"async\" width=\"578\" height=\"1024\" src=\"https:\/\/revolta.pt\/wp-content\/uploads\/2024\/06\/IMG-20240601-WA0102-578x1024.jpg\" class=\"attachment-large size-large\" alt=\"\" srcset=\"https:\/\/revolta.pt\/wp-content\/uploads\/2024\/06\/IMG-20240601-WA0102-578x1024.jpg 578w, https:\/\/revolta.pt\/wp-content\/uploads\/2024\/06\/IMG-20240601-WA0102-169x300.jpg 169w, https:\/\/revolta.pt\/wp-content\/uploads\/2024\/06\/IMG-20240601-WA0102-scaled.jpg 1446w\" sizes=\"auto, (max-width: 578px) 100vw, 578px\" \/><\/div><\/div><div class=\"w-gallery-item\"><div class=\"w-gallery-item-img\"><img loading=\"lazy\" decoding=\"async\" width=\"768\" height=\"1024\" src=\"https:\/\/revolta.pt\/wp-content\/uploads\/2024\/05\/IMG-20240530-WA0023-768x1024.jpg\" class=\"attachment-large size-large\" alt=\"\" srcset=\"https:\/\/revolta.pt\/wp-content\/uploads\/2024\/05\/IMG-20240530-WA0023-768x1024.jpg 768w, https:\/\/revolta.pt\/wp-content\/uploads\/2024\/05\/IMG-20240530-WA0023-225x300.jpg 225w, https:\/\/revolta.pt\/wp-content\/uploads\/2024\/05\/IMG-20240530-WA0023.jpg 1536w\" sizes=\"auto, (max-width: 768px) 100vw, 768px\" \/><\/div><\/div><div class=\"w-gallery-item\"><div class=\"w-gallery-item-img\"><img loading=\"lazy\" decoding=\"async\" width=\"1024\" height=\"576\" src=\"https:\/\/revolta.pt\/wp-content\/uploads\/2024\/06\/equipa-1024x576.jpg\" class=\"attachment-large size-large\" alt=\"\" srcset=\"https:\/\/revolta.pt\/wp-content\/uploads\/2024\/06\/equipa-1024x576.jpg 1024w, https:\/\/revolta.pt\/wp-content\/uploads\/2024\/06\/equipa-300x169.jpg 300w, https:\/\/revolta.pt\/wp-content\/uploads\/2024\/06\/equipa.jpg 1600w\" sizes=\"auto, (max-width: 1024px) 100vw, 1024px\" \/><\/div><\/div><\/div><\/div><div class=\"w-separator size_small\"><\/div><\/div><\/div><\/div><\/div><\/section><section class=\"l-section wpb_row height_medium\"><div class=\"l-section-h i-cf\"><div class=\"g-cols vc_row via_grid cols_1 laptops-cols_inherit tablets-cols_inherit mobiles-cols_1 valign_top type_default stacking_default\"><div class=\"wpb_column vc_column_container\"><div class=\"vc_column-inner\"><\/div><\/div><\/div><\/div><\/section><section class=\"l-section wpb_row us_custom_8cd4af33 height_medium color_footer-bottom\"><div class=\"l-section-h i-cf\"><div class=\"g-cols vc_row via_grid cols_1 laptops-cols_inherit tablets-cols_inherit mobiles-cols_1 valign_top type_default stacking_default\"><div class=\"wpb_column vc_column_container\"><div class=\"vc_column-inner\"><div class=\"w-separator size_medium\"><\/div><div class=\"w-text us_custom_b3ca0c81 has_text_color\"><a href=\"https:\/\/revolta.pt\/index.php\/forum\/\" class=\"w-text-h\"><span class=\"w-text-value\">Clica aqui, se achas que a realidade \u00e9 muito mais do que aparenta<\/span><\/a><\/div><div class=\"w-separator size_medium\"><\/div><div class=\"wpb_text_column\"><div class=\"wpb_wrapper\"><p>\u00a9 REVOLTA \u00e9 uma produ\u00e7\u00e3o S\u00e9timo Sentido<\/p>\n<\/div><\/div><\/div><\/div><\/div><\/div><\/section>\n","protected":false},"excerpt":{"rendered":"A EQUIPAOl\u00e1, somos a equipa da miniss\u00e9rie REVOLTA Seis alunos do Mestrado em Comunica\u00e7\u00e3o Audiovisual para Novos M\u00e9dia da Universidade de Aveiro. Toda a equipa assume o cargo de Produ\u00e7\u00e3o. Daniela Tender: Realizadora e Guionista.Mariana Cerveira: Assistente de Realiza\u00e7\u00e3o.In\u00eas Sousa: Diretora de Fotografia.William Rocha: Diretor de Som e Guionista.In\u00eas Severiano: Diretora de Arte e Criadora...","protected":false},"author":1,"featured_media":0,"parent":0,"menu_order":0,"comment_status":"closed","ping_status":"closed","template":"","meta":{"footnotes":""},"class_list":["post-57","page","type-page","status-publish","hentry"],"_links":{"self":[{"href":"https:\/\/revolta.pt\/index.php\/wp-json\/wp\/v2\/pages\/57","targetHints":{"allow":["GET"]}}],"collection":[{"href":"https:\/\/revolta.pt\/index.php\/wp-json\/wp\/v2\/pages"}],"about":[{"href":"https:\/\/revolta.pt\/index.php\/wp-json\/wp\/v2\/types\/page"}],"author":[{"embeddable":true,"href":"https:\/\/revolta.pt\/index.php\/wp-json\/wp\/v2\/users\/1"}],"replies":[{"embeddable":true,"href":"https:\/\/revolta.pt\/index.php\/wp-json\/wp\/v2\/comments?post=57"}],"version-history":[{"count":88,"href":"https:\/\/revolta.pt\/index.php\/wp-json\/wp\/v2\/pages\/57\/revisions"}],"predecessor-version":[{"id":992,"href":"https:\/\/revolta.pt\/index.php\/wp-json\/wp\/v2\/pages\/57\/revisions\/992"}],"wp:attachment":[{"href":"https:\/\/revolta.pt\/index.php\/wp-json\/wp\/v2\/media?parent=57"}],"curies":[{"name":"wp","href":"https:\/\/api.w.org\/{rel}","templated":true}]}}