{"id":45,"date":"2024-04-28T19:23:17","date_gmt":"2024-04-28T19:23:17","guid":{"rendered":"https:\/\/revolta.pt\/index.php\/forum-2\/"},"modified":"2024-04-28T19:39:50","modified_gmt":"2024-04-28T19:39:50","slug":"forum","status":"publish","type":"page","link":"https:\/\/revolta.pt\/index.php\/forum\/","title":{"rendered":"Forum"},"content":{"rendered":"<div id=\"af-wrapper\"><div id=\"forum-header\"><div id=\"forum-navigation-mobile\"><a><span class=\"fas fa-bars\"><\/span>Menu<\/a><\/div><span class=\"screen-reader-text\">Navega\u00e7\u00e3o do f\u00f3rum<\/span><div id=\"forum-navigation\"><a class=\"home-link\" href=\"https:\/\/revolta.pt\/index.php\/forum\" target=\"_self\">F\u00f3rum<\/a><\/div><div id=\"forum-search\"><span class=\"search-icon fas fa-search\"><\/span><form method=\"get\" action=\"https:\/\/revolta.pt\/index.php\/forum\/search\/\"><input name=\"keywords\" type=\"search\" placeholder=\"Pesquisar ...\" value=\"\"><\/form><\/div><div class=\"clear\"><\/div><\/div><div id=\"forum-breadcrumbs\" itemscope itemtype=\"http:\/\/schema.org\/BreadcrumbList\"><span class=\"screen-reader-text\">Breadcrumbs do f\u00f3rum - Est\u00e1 aqui:<\/span><span class=\"breadcrumb-icon fas fa-home\"><\/span><span itemprop=\"itemListElement\" itemscope itemtype=\"https:\/\/schema.org\/ListItem\"><a itemprop=\"item\" href=\"https:\/\/revolta.pt\/index.php\/forum\" title=\"F\u00f3rum\"><span itemprop=\"name\">F\u00f3rum<\/span><\/a><meta itemprop=\"position\" content=\"1\"><\/span><span class=\"breadcrumb-icon fas fa-chevron-right separator\"><\/span><\/div><h1 class=\"main-title main-title-\">F\u00f3rum<\/h1><div class=\"title-element\" id=\"forum-category-5\">Revolta: o F\u00f3rum<span class=\"last-post-headline\">\u00daltimo artigo<\/span><\/div><div class=\"content-container\"><div class=\"content-element forum\" id=\"forum-1\"><div class=\"forum-status unread\"><i class=\"fas fa-comments\"><\/i><\/div><div class=\"forum-name\"><a class=\"forum-title\" href=\"https:\/\/revolta.pt\/index.php\/forum\/forum\/primeiro-forum\/\">Fic\u00e7\u00e3o Cient\u00edfica e a sua veracidade<\/a><small class=\"forum-description\">Diz o porqu\u00ea de a realidade ser mais do que aquilo que pensamos.<\/small><small class=\"forum-stats\">35 t\u00f3picos&nbsp;&middot;&nbsp;103 artigos<\/small><small class=\"forum-lastpost-small\">\u00daltimo artigo:&nbsp;<a href=\"https:\/\/revolta.pt\/index.php\/forum\/topic\/acho-que-na-verdade-o-flamengo-e-o-maior-time-do-mundo\/#postid-108\">acho que na verdade o FLAMENGO \u00e9 o &#8230;<\/a>&nbsp;&middot;&nbsp;<a href=\"https:\/\/revolta.pt\/index.php\/forum\/topic\/acho-que-na-verdade-o-flamengo-e-o-maior-time-do-mundo\/#postid-108\">H\u00e1 2 anos<\/a>&nbsp;&middot;&nbsp;Convidado<\/small><\/div><div class=\"forum-poster\"><div class=\"forum-poster-summary\"><a href=\"https:\/\/revolta.pt\/index.php\/forum\/topic\/acho-que-na-verdade-o-flamengo-e-o-maior-time-do-mundo\/#postid-108\">acho que na verdade o FLA &#8230;<\/a><br><small><a href=\"https:\/\/revolta.pt\/index.php\/forum\/topic\/acho-que-na-verdade-o-flamengo-e-o-maior-time-do-mundo\/#postid-108\">H\u00e1 2 anos<\/a><span>&nbsp;&middot;&nbsp;<\/span>Convidado<\/small><\/div><\/div><\/div><\/div><div id=\"read-unread\"><span class=\"indicator unread\"><\/span><span class=\"indicator-label\">Novos artigos<\/span><span class=\"indicator read\"><\/span><span class=\"indicator-label\">Nada novo <\/span><span class=\"indicator-label\"><span class=\"fas fa-check\"><\/span><a href=\"https:\/\/revolta.pt\/index.php\/forum\/markallread\/?_wpnonce=5826aa4a70\">Marcar tudo como lido<\/a><\/span><span class=\"indicator-label\"><span class=\"fas fa-history\"><\/span><a href=\"https:\/\/revolta.pt\/index.php\/forum\/unread\/\">Mostrar t\u00f3picos por ler<\/a><\/span><div class=\"clear\"><\/div><\/div><div id=\"statistics\"><div class=\"title-element title-element-dark\"><span class=\"title-element-icon fas fa-chart-pie\"><\/span>Estat\u00edsticas<\/div><div id=\"statistics-body\"><div id=\"statistics-elements\"><div class=\"statistics-element\"><div class=\"element-number\"><span class=\"statistics-element-icon far fa-comments\"><\/span>35<\/div><div class=\"element-name\">T\u00f3picos<\/div><\/div><div class=\"statistics-element\"><div class=\"element-number\"><span class=\"statistics-element-icon far fa-comment\"><\/span>103<\/div><div class=\"element-name\">Artigos:<\/div><\/div><div class=\"statistics-element\"><div class=\"element-number\"><span class=\"statistics-element-icon far fa-eye\"><\/span>9.378<\/div><div class=\"element-name\">Visitas<\/div><\/div><div class=\"statistics-element\"><div class=\"element-number\"><span class=\"statistics-element-icon far fa-user\"><\/span>1<\/div><div class=\"element-name\">Utilizadores<\/div><\/div><div class=\"statistics-element\"><div class=\"element-number\"><span class=\"statistics-element-icon far fa-lightbulb\"><\/span>0<\/div><div class=\"element-name\">Online<\/div><\/div><\/div><div id=\"statistics-online-users\"><span class=\"online-users-icon fas fa-users\"><\/span><i>Ningu\u00e9m est\u00e1 online.<\/i><\/div><\/div><div class=\"clear\"><\/div><\/div><div id=\"bottom-navigation\"><\/div><div class=\"clear\"><\/div><\/div>\n","protected":false},"excerpt":{"rendered":"MenuNavega\u00e7\u00e3o do f\u00f3rumF\u00f3rumBreadcrumbs do f\u00f3rum - Est\u00e1 aqui:F\u00f3rumF\u00f3rumF\u00f3rumRevolta: o F\u00f3rum\u00daltimo artigoFic\u00e7\u00e3o Cient\u00edfica e a sua veracidadeDiz o porqu\u00ea de a realidade ser mais do que aquilo que pensamos.35 t\u00f3picos&nbsp;&middot;&nbsp;103 artigos\u00daltimo artigo:&nbsp;acho que na verdade o FLAMENGO \u00e9 o &#8230;&nbsp;&middot;&nbsp;H\u00e1 2 anos&nbsp;&middot;&nbsp;Convidadoacho que na verdade o FLA &#8230;H\u00e1 2 anos&nbsp;&middot;&nbsp;ConvidadoNovos artigosNada novo Marcar tudo como lidoMostrar...","protected":false},"author":1,"featured_media":0,"parent":0,"menu_order":0,"comment_status":"closed","ping_status":"closed","template":"","meta":{"footnotes":""},"class_list":["post-45","page","type-page","status-publish","hentry"],"_links":{"self":[{"href":"https:\/\/revolta.pt\/index.php\/wp-json\/wp\/v2\/pages\/45","targetHints":{"allow":["GET"]}}],"collection":[{"href":"https:\/\/revolta.pt\/index.php\/wp-json\/wp\/v2\/pages"}],"about":[{"href":"https:\/\/revolta.pt\/index.php\/wp-json\/wp\/v2\/types\/page"}],"author":[{"embeddable":true,"href":"https:\/\/revolta.pt\/index.php\/wp-json\/wp\/v2\/users\/1"}],"replies":[{"embeddable":true,"href":"https:\/\/revolta.pt\/index.php\/wp-json\/wp\/v2\/comments?post=45"}],"version-history":[{"count":2,"href":"https:\/\/revolta.pt\/index.php\/wp-json\/wp\/v2\/pages\/45\/revisions"}],"predecessor-version":[{"id":48,"href":"https:\/\/revolta.pt\/index.php\/wp-json\/wp\/v2\/pages\/45\/revisions\/48"}],"wp:attachment":[{"href":"https:\/\/revolta.pt\/index.php\/wp-json\/wp\/v2\/media?parent=45"}],"curies":[{"name":"wp","href":"https:\/\/api.w.org\/{rel}","templated":true}]}}